{"id":218,"date":"2020-08-20T00:00:42","date_gmt":"2020-08-19T21:00:42","guid":{"rendered":"https:\/\/scoalageorgeuscatescu.ro\/?page_id=218"},"modified":"2020-08-20T00:00:42","modified_gmt":"2020-08-19T21:00:42","slug":"despre-noi","status":"publish","type":"page","link":"https:\/\/scoalageorgeuscatescu.ro\/?page_id=218","title":{"rendered":"Despre noi"},"content":{"rendered":"<p><strong>CONDUCEREA\u00a0 \u015eCOLII\u00a0 <\/strong><\/p>\n<p>Director :\u00a0\u00a0 Prof. \u015eendroiu\u00a0 Florin\u00a0 Lucian<br \/>\nDirector\u00a0 adjunct :\u00a0 Popescu\u00a0 Cambrea\u00a0 Veronica<\/p>\n<p>&nbsp;<\/p>\n<p><strong>CONSILIUL DE ADMINISTRA\u0162IE <\/strong><\/p>\n<p>Pre\u015fedinte :\u00a0 Prof. \u015eendroiu\u00a0 Florin\u00a0 Lucia<\/p>\n<p>Membrii\u00a0 :\u00a0 Popescu\u00a0 Cambrea\u00a0 Veronica\u00a0 &#8211; director adjunct<\/p>\n<p>Babucea\u00a0 Teodora\u00a0 &#8211; reprezentant al cadrelor didactice<\/p>\n<p>Iv\u0103noiu\u00a0 Mariana\u00a0 &#8211;\u00a0 reprezentant al cadrelor didactice<\/p>\n<p>Dr\u0103goescu\u00a0 Daniela\u00a0 &#8211; reprezentant al cadrelor didactice<\/p>\n<p>Catan\u0103 Minodora Anca\u00a0 &#8211;\u00a0 reprezentant al cadrelor didactice<\/p>\n<p>Novac\u00a0 Aurora\u00a0 Victoria\u00a0 &#8211; reprezentant al Consiliului\u00a0 Local<\/p>\n<p>Sandu\u00a0 Simona\u00a0 &#8211; \u00a0reprezentant al Consiliului\u00a0 Local<\/p>\n<p>Ardelean\u00a0 Ion\u00a0 &#8211;\u00a0 reprezentant al Consiliului\u00a0 Local<\/p>\n<p>Ungureanu\u00a0 Silviu \u00a0&#8211; reprezentant al Primarului<\/p>\n<p>Coman Loredana\u00a0 &#8211; reprezentant al Comitetului de p\u0103rin\u0163i<\/p>\n<p>C\u00eendea\u00a0 Mihaela\u00a0 &#8211; reprezentant al Comitetului de p\u0103rin\u0163i<\/p>\n<p>Berbecel\u00a0 Georgeta\u00a0 &#8211;\u00a0 reprezentant al Comitetului de p\u0103rin\u0163i<\/p>\n<p>&nbsp;<\/p>\n<p><strong>SERVICIUL\u00a0 SECRETARIAT<\/strong>\u00a0 :\u00a0 Neac\u015fu\u00a0 Eleonora\u00a0 &#8211;\u00a0 secretar \u2013 \u015fef<\/p>\n<p>Stoinoiu\u00a0 Nadia \u2013 secretar<\/p>\n<p>&nbsp;<\/p>\n<p><strong>SERVICIUL\u00a0 CONTABILITATE<\/strong> :\u00a0 Coica\u00a0 Camelia \u00a0&#8211; contabil \u2013 \u015fef<\/p>\n<p>&nbsp;<\/p>\n<p><strong>CADRE\u00a0\u00a0 DIDACTICE<\/strong> :<\/p>\n<ul>\n<li>Iv\u0103noiu Mariana\u00a0 &#8211; prof. Limba\u00a0 \u015fi literatura rom\u00e2n\u0103 \u00a0&#8211; titular<\/li>\n<li>Dr\u0103ghici Cristina Florentina &#8211; prof. Limba \u015fi literatura rom\u00e2n\u0103 &#8211; titular<\/li>\n<li>B\u0103bucea Teodora \u2013 prof. Limba\u00a0 englez\u0103 \u00a0&#8211; titular<\/li>\n<li>N\u0103nu\u0163 Claudia\u00a0 &#8211; prof. Limba\u00a0 englez\u0103 \u2013 titular<\/li>\n<li>Ciontescu Daniela\u00a0 &#8211; prof. Limba\u00a0 englez\u0103 &#8211; titular<\/li>\n<li>Burdulea Ioana\u00a0 Minodora &#8211; prof. Limba\u00a0 francez\u0103 \u00a0&#8211; titular<\/li>\n<li>Popescu Mirela\u00a0 Mirabela &#8211; prof. Limba\u00a0 francez\u0103\u00a0 &#8211; titular<\/li>\n<li>Angheloiu Adrian &#8211; Limba francez\u0103 -deta\u015fat<\/li>\n<li>\u015eendroiu Florin Lucian \u2013 prof. Matematic\u0103 &#8211; titular<\/li>\n<li>Popescu Mircea\u00a0 &#8211; prof. Matematic\u0103\u00a0 &#8211; titular<\/li>\n<li>Stan Andreea Eufimia &#8211; prof. Matematic\u0103\u00a0 &#8211; titular<\/li>\n<li>Iv\u0103noiu Vasile \u2013 prof. Fizic\u0103 \u00a0&#8211; titular<\/li>\n<li>Ioni\u0163\u0103 Ramona\u00a0 &#8211; prof. Chimie &#8211; titular<\/li>\n<li>Israil Simona\u00a0 Alisa \u2013 prof. Biologie &#8211; titular<\/li>\n<li>T\u0103nasie Constantin &#8211;\u00a0 Istorie &#8211; titular<\/li>\n<li>M\u0103r\u0103cineanu Ligia \u2013 prof. Geografie &#8211; titular<\/li>\n<li>St\u0103nescu Adrian \u2013 prof. Educa\u021bie\u00a0 social\u0103 &#8211; titular<\/li>\n<li>Dumitri Pavel Ioan \u2013 prof. Educa\u0163ie tehnologic\u0103 &#8211; titular<\/li>\n<li>Spilc\u0103 Cristina \u2013 prof. Religie &#8211; titular<\/li>\n<li>Troac\u0103 Ionu\u0163 &#8211; prof. Religie &#8211; titular<\/li>\n<li>Zorlescu Gheorghe \u2013 prof. Educa\u0163ie fizic\u0103 \u015fi sport &#8211; titular<\/li>\n<li>Diaconescu Iustina &#8211; prof. Educa\u0163ie fizic\u0103 \u015fi sport &#8211; titular<\/li>\n<li>C\u0103lug\u0103ru Cornel\u00a0 &#8211;\u00a0 Educa\u0163ie fizic\u0103 \u015fi sport &#8211; titular<\/li>\n<li>Mureanu Alin Constantin \u2013 prof\u00a0 Educa\u0163ie\u00a0 muzical\u0103 &#8211; titular<\/li>\n<li>Pl\u0103ve\u021bi Mihai \u2013 prof. Educa\u0163ie plastic\u0103 &#8211; titular<\/li>\n<li>Ciulavu Gheorghe \u2013 prof. Informatic\u0103 &#8211; deta\u0219at<\/li>\n<li>Popescu Cambrea\u00a0 Veronica \u2013 \u00eenv\u0103\u0163\u0103toare &#8211; titular<\/li>\n<li>Ungureanu Adriana &#8211; \u00eenv\u0103\u0163\u0103toare &#8211; titular<\/li>\n<li>C\u00eel\u0163aru Mariana \u2013 \u00eenv\u0103\u0163\u0103toare &#8211; titular<\/li>\n<li>Vl\u0103du\u0163escu Alina \u2013 \u00eenv\u0103\u0163\u0103toare &#8211; titular<\/li>\n<li>Mihai Elena \u2013 \u00eenv\u0103\u0163\u0103toare &#8211; titular<\/li>\n<li>Dr\u0103goescu Daniela Cristiana \u2013 \u00eenv\u0103\u0163\u0103toare &#8211; titular<\/li>\n<li>T\u0103rb\u0103u Camelia \u2013 \u00eenv\u0103\u0163\u0103toare &#8211; titular<\/li>\n<li>Pi\u0163ulescu Ionela Ligia \u2013 \u00eenv\u0103\u0163\u0103toare \u2013 titular<\/li>\n<li>Bir\u0103u D\u0103nu\u021b \u2013 \u00eenv\u0103\u021b\u0103tor \u2013 titular<\/li>\n<li>Dumitrescu Marian \u2013 \u00eenv\u0103\u0163\u0103tor &#8211; titular<\/li>\n<li>\u015eetran M\u0103d\u0103lina \u2013 \u00eenv\u0103\u0163\u0103toare &#8211; titular<\/li>\n<li>Crau Rodica Marcela \u2013 \u00eenv\u0103\u0163\u0103toare &#8211; titular<\/li>\n<li>Petric\u0103 Loredana \u2013 \u00eenv\u0103\u0163\u0103toare &#8211; titular<\/li>\n<li>Catan\u0103 Anca\u00a0 Minodora \u2013 \u00eenv\u0103\u0163\u0103toare &#8211; titular<\/li>\n<li>L\u0103rgeanu Daniela \u2013 \u00eenv\u0103\u0163\u0103toare structura C\u0103rbune\u015fti \u2013 Sat \u00a0&#8211; titular<\/li>\n<li>Borcan Lavinia \u2013 \u00eenv\u0103\u0163\u0103toare structura\u00a0 Pojogeni \u00a0&#8211; suplinitoare<\/li>\n<li>Predescu Delia \u2013 \u00eenv\u0103\u0163\u0103toare structura \u015etef\u0103ne\u015fti &#8211; titular<\/li>\n<li>Dumitrescu Violeta \u2013 educatoare Gr\u0103dini\u0163a ,,Sf. Stelian ,, &#8211; titular<\/li>\n<li>Oprian Claudia \u2013 educatoare Gr\u0103dini\u0163a ,,Sf. Stelian ,, &#8211; titular<\/li>\n<li>Matea Daniela \u2013 educatoare\u00a0 Gr\u0103dini\u0163a ,,Tudor Arghezi ,, &#8211; titular<\/li>\n<li>Ion Olimpia \u2013 educatoare Gr\u0103dini\u0163a ,,Tudor Arghezi ,, &#8211; titular<\/li>\n<li>Diaconescu Doina \u2013 educatoare Gr\u0103dini\u0163a ,,Tudor Arghezi ,, &#8211; titular<\/li>\n<li>Udrea Maria \u2013 educatoare Gr\u0103dini\u0163a ,,Tudor Arghezi ,, &#8211; titular<\/li>\n<li>Marii Ofelia \u2013 educatoare Gr\u0103dini\u0163a Cojani &#8211; titular<\/li>\n<li>Vodislav Mihaela \u2013 educatoare Gr\u0103dini\u0163a C\u0103rbune\u015fti \u2013 Sat &#8211; titular<\/li>\n<li>Zoril\u0103 Alina \u2013 educatoare Gr\u0103dini\u0163a ,,Sf. Nicolae ,, \u00a0&#8211; titular<\/li>\n<li>Calciu Vasilica \u2013 educatoare Gr\u0103dini\u0163a Pojogeni \u00a0&#8211; deta\u0219at\u0103<\/li>\n<li>L\u0103c\u0103tu\u015fu Ramona \u2013 educatoare Gr\u0103dini\u0163a \u015etef\u0103ne\u015fti &#8211; suplinitoare<\/li>\n<\/ul>\n<p>&nbsp;<\/p>\n<p><strong>ADMINISTRATORI<\/strong> :\u00a0\u00a0 Manta\u00a0 Dumitrachi\u00a0 Dan\u00a0 &#8211; administrator de patrimoniu<\/p>\n<p>Cocoranu\u00a0 Mia \u2013 administrator gr\u0103dini\u0163e<\/p>\n<p>&nbsp;<\/p>\n","protected":false},"excerpt":{"rendered":"<p>CONDUCEREA\u00a0 \u015eCOLII\u00a0 Director :\u00a0\u00a0 Prof. \u015eendroiu\u00a0 Florin\u00a0 Lucian Director\u00a0 adjunct :\u00a0 Popescu\u00a0 Cambrea\u00a0 Veronica &nbsp; CONSILIUL DE ADMINISTRA\u0162IE Pre\u015fedinte :\u00a0 Prof. \u015eendroiu\u00a0 Florin\u00a0 Lucia Membrii\u00a0 :\u00a0 Popescu\u00a0 Cambrea\u00a0 Veronica\u00a0 &#8211; director adjunct Babucea\u00a0 Teodora\u00a0 &#8211; reprezentant al cadrelor didactice Iv\u0103noiu\u00a0 Mariana\u00a0 &#8211;\u00a0 reprezentant al cadrelor didactice Dr\u0103goescu\u00a0 Daniela\u00a0 &#8211; reprezentant al cadrelor didactice Catan\u0103 Minodora [&hellip;]<\/p>\n","protected":false},"author":1,"featured_media":0,"parent":0,"menu_order":0,"comment_status":"closed","ping_status":"closed","template":"","meta":{"footnotes":""},"class_list":["post-218","page","type-page","status-publish"],"_links":{"self":[{"href":"https:\/\/scoalageorgeuscatescu.ro\/index.php?rest_route=\/wp\/v2\/pages\/218","targetHints":{"allow":["GET"]}}],"collection":[{"href":"https:\/\/scoalageorgeuscatescu.ro\/index.php?rest_route=\/wp\/v2\/pages"}],"about":[{"href":"https:\/\/scoalageorgeuscatescu.ro\/index.php?rest_route=\/wp\/v2\/types\/page"}],"author":[{"embeddable":true,"href":"https:\/\/scoalageorgeuscatescu.ro\/index.php?rest_route=\/wp\/v2\/users\/1"}],"replies":[{"embeddable":true,"href":"https:\/\/scoalageorgeuscatescu.ro\/index.php?rest_route=%2Fwp%2Fv2%2Fcomments&post=218"}],"version-history":[{"count":1,"href":"https:\/\/scoalageorgeuscatescu.ro\/index.php?rest_route=\/wp\/v2\/pages\/218\/revisions"}],"predecessor-version":[{"id":219,"href":"https:\/\/scoalageorgeuscatescu.ro\/index.php?rest_route=\/wp\/v2\/pages\/218\/revisions\/219"}],"wp:attachment":[{"href":"https:\/\/scoalageorgeuscatescu.ro\/index.php?rest_route=%2Fwp%2Fv2%2Fmedia&parent=218"}],"curies":[{"name":"wp","href":"https:\/\/api.w.org\/{rel}","templated":true}]}}