{"id":12,"date":"2020-08-19T11:38:33","date_gmt":"2020-08-19T11:38:33","guid":{"rendered":"https:\/\/scoalageorgeuscatescu.ro\/?page_id=12"},"modified":"2024-08-23T19:53:07","modified_gmt":"2024-08-23T16:53:07","slug":"acasa","status":"publish","type":"page","link":"https:\/\/scoalageorgeuscatescu.ro\/","title":{"rendered":"Acasa"},"content":{"rendered":"<div id=\"tdi_1\" class=\"tdc-row\"><div class=\"vc_row tdi_2  wpb_row td-pb-row\" >\n<style scoped>\n\/* custom css - generated by TagDiv Composer *\/\n\n\/* custom css - generated by TagDiv Composer *\/\n.tdi_2,\r\n                .tdi_2 .tdc-columns{\r\n                    min-height: 0;\r\n                }.tdi_2,\r\n\t\t\t\t.tdi_2 .tdc-columns{\r\n\t\t\t\t    display: block;\r\n\t\t\t\t}.tdi_2 .tdc-columns{\r\n\t\t\t\t    width: 100%;\r\n\t\t\t\t}.tdi_2:before,\r\n\t\t\t\t.tdi_2:after{\r\n\t\t\t\t    display: table;\r\n\t\t\t\t}\n<\/style><div class=\"vc_column tdi_4  wpb_column vc_column_container tdc-column td-pb-span12\">\n<style scoped>\n\/* custom css - generated by TagDiv Composer *\/\n\n\/* custom css - generated by TagDiv Composer *\/\n.tdi_4{\r\n                    vertical-align: baseline;\r\n                }.tdi_4 > .wpb_wrapper,\r\n\t\t\t\t.tdi_4 > .wpb_wrapper > .tdc-elements{\r\n\t\t\t\t    display: block;\r\n\t\t\t\t}.tdi_4 > .wpb_wrapper > .tdc-elements{\r\n\t\t\t\t    width: 100%;\r\n\t\t\t\t}.tdi_4 > .wpb_wrapper > .vc_row_inner{\r\n\t\t\t\t    width: auto;\r\n\t\t\t\t}.tdi_4 > .wpb_wrapper{\r\n\t\t\t\t    width: auto;\r\n\t\t\t\t    height: auto;\r\n\t\t\t\t}\n<\/style><div class=\"wpb_wrapper\" ><div class=\"wpb_wrapper wpb_text_column td_block_wrap td_block_wrap vc_column_text tdi_5  tagdiv-type td-pb-border-top td_block_template_1\"  data-td-block-uid=\"tdi_5\" >\n<style>\n\/* custom css - generated by TagDiv Composer *\/\n.vc_column_text > .td-element-style{\r\n\t\t\t\t\tz-index: -1;\r\n\t\t\t\t}\n<\/style><div class=\"td-fix-index\"><p><img loading=\"lazy\" decoding=\"async\" class=\"wp-image-202 size-full aligncenter\" src=\"https:\/\/scoalageorgeuscatescu.ro\/wp-content\/uploads\/2020\/08\/IMG-20200803-WA0008.jpg\" alt=\"\" width=\"1024\" height=\"768\" srcset=\"https:\/\/scoalageorgeuscatescu.ro\/wp-content\/uploads\/2020\/08\/IMG-20200803-WA0008.jpg 1024w, https:\/\/scoalageorgeuscatescu.ro\/wp-content\/uploads\/2020\/08\/IMG-20200803-WA0008-300x225.jpg 300w, https:\/\/scoalageorgeuscatescu.ro\/wp-content\/uploads\/2020\/08\/IMG-20200803-WA0008-768x576.jpg 768w, https:\/\/scoalageorgeuscatescu.ro\/wp-content\/uploads\/2020\/08\/IMG-20200803-WA0008-80x60.jpg 80w, https:\/\/scoalageorgeuscatescu.ro\/wp-content\/uploads\/2020\/08\/IMG-20200803-WA0008-265x198.jpg 265w, https:\/\/scoalageorgeuscatescu.ro\/wp-content\/uploads\/2020\/08\/IMG-20200803-WA0008-696x522.jpg 696w, https:\/\/scoalageorgeuscatescu.ro\/wp-content\/uploads\/2020\/08\/IMG-20200803-WA0008-560x420.jpg 560w\" sizes=\"auto, (max-width: 1024px) 100vw, 1024px\" \/><\/p>\n<\/div><\/div><div class=\"wpb_wrapper wpb_text_column td_block_wrap td_block_wrap vc_column_text tdi_6  tagdiv-type td-pb-border-top td_block_template_1\"  data-td-block-uid=\"tdi_6\" ><div class=\"td-fix-index\"><p>Adresa :\u00a0 STRADA\u00a0 TRANDAFIRILOR , NR. 39 , ORA\u0218\u00a0 T\u00c2RGU\u00a0 C\u0102RBUNE\u0218TI , JUDE\u021aUL\u00a0 GORJ<br \/>\nTEL\u00a0 :\u00a0 0253378618\u00a0 ,\u00a0\u00a0 FAX\u00a0 : 0253378618<br \/>\nEMAIL\u00a0 :\u00a0 <a href=\"mailto:scgencarb@yahoo.com\">scgencarb@yahoo.com<\/a><\/p>\n<hr \/>\n<h3 style=\"text-align: center;\">Structuri arondate:<\/h3>\n<p style=\"text-align: center;\">1. Gr\u0103dini\u021ba cu program prelungit \u201eTudor Arghezi\u201d ,ora\u0219 T\u00e2rgu- C\u0103rbune\u0219ti<\/p>\n<p style=\"text-align: center;\">2. Gr\u0103dini\u021ba cu program normal \u201eSf\u00e2ntul Stelian\u201d, ora\u0219 T\u00e2rgu- C\u0103rbune\u0219ti<\/p>\n<p style=\"text-align: center;\">3. Gr\u0103dini\u021ba cu program normal \u201eSf\u00e2ntul Nicolae\u201d ,ora\u0219 T\u00e2rgu- C\u0103rbune\u0219ti<\/p>\n<p style=\"text-align: center;\">4. Gr\u0103dini\u021ba cu program normal Cojani, sat Cojani<\/p>\n<p style=\"text-align: center;\">5. Gr\u0103dini\u021ba cu program normal Pojogeni, sat Pojogeni<\/p>\n<p style=\"text-align: center;\">6. Gr\u0103dini\u021ba cu program normal C\u0103rbune\u0219ti-Sat, sat C\u0103rbune\u0219ti-Sat<\/p>\n<p style=\"text-align: center;\">7. \u0218coala Primar\u0103 Pojogeni, sat Pojogeni<\/p>\n<p style=\"text-align: center;\">8. \u0218coala Primar\u0103 C\u0103rbune\u0219ti-Sat, sat C\u0103rbune\u0219ti-Sat<\/p>\n<p style=\"text-align: center;\">9. Cre\u0219a T\u00e2rgu C\u0103rbune\u0219ti<\/p>\n<hr \/>\n<p style=\"text-align: center;\"><strong>Num\u0103r de elevi:\u00a0 857<br \/>\n<\/strong><strong>Num\u0103r de cadre didactice:\u00a0 56<br \/>\n<\/strong><strong>Num\u0103r personal didactic auxiliar:\u00a0 5<br \/>\n<\/strong><strong>Num\u0103r personal nedidactic: 24<\/strong><\/p>\n<hr \/>\n<p style=\"text-align: center;\"><strong>Director<\/strong>:\u00a0 prof. \u0218ENDROIU FLORIN LUCIAN<br \/>\n<strong>Director adjunct<\/strong>: B\u0102BUCEA TEODORA<br \/>\n<strong>Secretar &#8211; \u0219ef<\/strong>: NEAC\u0218U ELEONORA<br \/>\n<strong>Secretar<\/strong>: STOINOIU NADIA<br \/>\n<strong>Contabil \u2013 \u0219ef<\/strong>: COICA CAMELIA<br \/>\n<strong>Administrator de patrimoniu<\/strong>: PETEC LARISA<br \/>\n<strong>Bibliotecar<\/strong>:\u00a0 VASILE POPESCU ILEANA<\/p>\n<hr \/>\n<p>\u0218coala dispune de 40 s\u0103li de clas\u0103 cu internet , un laborator de informatic\u0103 \u0219i se afl\u0103 \u00een construc\u021bie un corp de cl\u0103dire cu 1 laborator informatic\u0103 , 1 laborator chimie , 1 laborator fizic\u0103 , 1 laborator biologie\u00a0 \u0219i un amfiteatru .<\/p>\n<\/div><\/div><\/div><\/div><\/div><\/div><div id=\"tdi_7\" class=\"tdc-row\"><div class=\"vc_row tdi_8  wpb_row td-pb-row\" >\n<style scoped>\n\/* custom css - generated by TagDiv Composer *\/\n\n\/* custom css - generated by TagDiv Composer *\/\n.tdi_8,\r\n                .tdi_8 .tdc-columns{\r\n                    min-height: 0;\r\n                }.tdi_8,\r\n\t\t\t\t.tdi_8 .tdc-columns{\r\n\t\t\t\t    display: block;\r\n\t\t\t\t}.tdi_8 .tdc-columns{\r\n\t\t\t\t    width: 100%;\r\n\t\t\t\t}.tdi_8:before,\r\n\t\t\t\t.tdi_8:after{\r\n\t\t\t\t    display: table;\r\n\t\t\t\t}\n<\/style><div class=\"vc_column tdi_10  wpb_column vc_column_container tdc-column td-pb-span6\">\n<style scoped>\n\/* custom css - generated by TagDiv Composer *\/\n\n\/* custom css - generated by TagDiv Composer *\/\n.tdi_10{\r\n                    vertical-align: baseline;\r\n                }.tdi_10 > .wpb_wrapper,\r\n\t\t\t\t.tdi_10 > .wpb_wrapper > .tdc-elements{\r\n\t\t\t\t    display: block;\r\n\t\t\t\t}.tdi_10 > .wpb_wrapper > .tdc-elements{\r\n\t\t\t\t    width: 100%;\r\n\t\t\t\t}.tdi_10 > .wpb_wrapper > .vc_row_inner{\r\n\t\t\t\t    width: auto;\r\n\t\t\t\t}.tdi_10 > .wpb_wrapper{\r\n\t\t\t\t    width: auto;\r\n\t\t\t\t    height: auto;\r\n\t\t\t\t}\n<\/style><div class=\"wpb_wrapper\" >[vc_gallery interval=&#8221;3&#8243; images=&#8221;210,209,208,207,206,205,204&#8243; img_size=&#8221;800&#215;600&#8243;]<\/div><\/div><div class=\"vc_column tdi_12  wpb_column vc_column_container tdc-column td-pb-span6\">\n<style scoped>\n\/* custom css - generated by TagDiv Composer *\/\n\n\/* custom css - generated by TagDiv Composer *\/\n.tdi_12{\r\n                    vertical-align: baseline;\r\n                }.tdi_12 > .wpb_wrapper,\r\n\t\t\t\t.tdi_12 > .wpb_wrapper > .tdc-elements{\r\n\t\t\t\t    display: block;\r\n\t\t\t\t}.tdi_12 > .wpb_wrapper > .tdc-elements{\r\n\t\t\t\t    width: 100%;\r\n\t\t\t\t}.tdi_12 > .wpb_wrapper > .vc_row_inner{\r\n\t\t\t\t    width: auto;\r\n\t\t\t\t}.tdi_12 > .wpb_wrapper{\r\n\t\t\t\t    width: auto;\r\n\t\t\t\t    height: auto;\r\n\t\t\t\t}\n<\/style><div class=\"wpb_wrapper\" >[vc_gmaps link=&#8221;#E-8_JTNDaWZyYW1lJTIwc3JjJTNEJTIyaHR0cHMlM0ElMkYlMkZ3d3cuZ29vZ2xlLmNvbSUyRm1hcHMlMkZlbWJlZCUzRnBiJTNEJTIxMW0xOCUyMTFtMTIlMjExbTMlMjExZDI4MjMuMTM3Njc2MDQ4NzQ3NCUyMTJkMjMuNTA3MjY0ODE1ODUxNDE4JTIxM2Q0NC45NjExOTUyNzkwOTgyNyUyMTJtMyUyMTFmMCUyMTJmMCUyMTNmMCUyMTNtMiUyMTFpMTAyNCUyMTJpNzY4JTIxNGYxMy4xJTIxM20zJTIxMW0yJTIxMXMweDQ3NTI3ZjQwMDVmNTc5ZjElMjUzQTB4ODRkOTE1NTRhYmE0Y2ZhJTIxMnMlMjVDNSUyNTlFY29hbGElMjUyMEdlbmVyYWwlMjVDNCUyNTgzJTI1MjBOUi4lMjUyMDElMjUyMEcuJTI1MjBVc2MlMjVDNCUyNTgzdGVzY3UlMjE1ZTAlMjEzbTIlMjExc2VuJTIxMnNybyUyMTR2MTU5Nzg3MDU2NDA5MiUyMTVtMiUyMTFzZW4lMjEyc3JvJTIyJTIwd2lkdGglM0QlMjI2MDAlMjIlMjBoZWlnaHQlM0QlMjI0NTAlMjIlMjBmcmFtZWJvcmRlciUzRCUyMjAlMjIlMjBzdHlsZSUzRCUyMmJvcmRlciUzQTAlM0IlMjIlMjBhbGxvd2Z1bGxzY3JlZW4lM0QlMjIlMjIlMjBhcmlhLWhpZGRlbiUzRCUyMmZhbHNlJTIyJTIwdGFiaW5kZXglM0QlMjIwJTIyJTNFJTNDJTJGaWZyYW1lJTNF&#8221;]<\/div><\/div><\/div><\/div>","protected":false},"excerpt":{"rendered":"","protected":false},"author":1,"featured_media":0,"parent":0,"menu_order":0,"comment_status":"closed","ping_status":"closed","template":"","meta":{"footnotes":""},"class_list":["post-12","page","type-page","status-publish"],"_links":{"self":[{"href":"https:\/\/scoalageorgeuscatescu.ro\/index.php?rest_route=\/wp\/v2\/pages\/12","targetHints":{"allow":["GET"]}}],"collection":[{"href":"https:\/\/scoalageorgeuscatescu.ro\/index.php?rest_route=\/wp\/v2\/pages"}],"about":[{"href":"https:\/\/scoalageorgeuscatescu.ro\/index.php?rest_route=\/wp\/v2\/types\/page"}],"author":[{"embeddable":true,"href":"https:\/\/scoalageorgeuscatescu.ro\/index.php?rest_route=\/wp\/v2\/users\/1"}],"replies":[{"embeddable":true,"href":"https:\/\/scoalageorgeuscatescu.ro\/index.php?rest_route=%2Fwp%2Fv2%2Fcomments&post=12"}],"version-history":[{"count":15,"href":"https:\/\/scoalageorgeuscatescu.ro\/index.php?rest_route=\/wp\/v2\/pages\/12\/revisions"}],"predecessor-version":[{"id":352,"href":"https:\/\/scoalageorgeuscatescu.ro\/index.php?rest_route=\/wp\/v2\/pages\/12\/revisions\/352"}],"wp:attachment":[{"href":"https:\/\/scoalageorgeuscatescu.ro\/index.php?rest_route=%2Fwp%2Fv2%2Fmedia&parent=12"}],"curies":[{"name":"wp","href":"https:\/\/api.w.org\/{rel}","templated":true}]}}